{"id":19,"date":"2023-10-25T15:44:19","date_gmt":"2023-10-25T13:44:19","guid":{"rendered":"http:\/\/stagiaire001.formatexia.com\/?page_id=19"},"modified":"2023-10-25T15:44:19","modified_gmt":"2023-10-25T13:44:19","slug":"a-propos-de","status":"publish","type":"page","link":"https:\/\/stagiaire001.formatexia.com\/","title":{"rendered":"\u00c0 propos de"},"content":{"rendered":"\n<p>Vous pourriez \u00eatre un artiste et vouloir pr\u00e9senter vos travaux et vous m\u00eame, ou encore \u00eatre une entreprise avec une mission \u00e0 promouvoir.<\/p>\n","protected":false},"excerpt":{"rendered":"<p>Vous pourriez \u00eatre un artiste et vouloir pr\u00e9senter vos travaux et vous m\u00eame, ou encore \u00eatre une entreprise avec une mission \u00e0 promouvoir.<\/p>\n","protected":false},"author":1,"featured_media":0,"parent":0,"menu_order":0,"comment_status":"closed","ping_status":"closed","template":"","meta":{"footnotes":""},"class_list":["post-19","page","type-page","status-publish","hentry"],"_links":{"self":[{"href":"https:\/\/stagiaire001.formatexia.com\/index.php?rest_route=\/wp\/v2\/pages\/19","targetHints":{"allow":["GET"]}}],"collection":[{"href":"https:\/\/stagiaire001.formatexia.com\/index.php?rest_route=\/wp\/v2\/pages"}],"about":[{"href":"https:\/\/stagiaire001.formatexia.com\/index.php?rest_route=\/wp\/v2\/types\/page"}],"author":[{"embeddable":true,"href":"https:\/\/stagiaire001.formatexia.com\/index.php?rest_route=\/wp\/v2\/users\/1"}],"replies":[{"embeddable":true,"href":"https:\/\/stagiaire001.formatexia.com\/index.php?rest_route=%2Fwp%2Fv2%2Fcomments&post=19"}],"version-history":[{"count":1,"href":"https:\/\/stagiaire001.formatexia.com\/index.php?rest_route=\/wp\/v2\/pages\/19\/revisions"}],"predecessor-version":[{"id":24,"href":"https:\/\/stagiaire001.formatexia.com\/index.php?rest_route=\/wp\/v2\/pages\/19\/revisions\/24"}],"wp:attachment":[{"href":"https:\/\/stagiaire001.formatexia.com\/index.php?rest_route=%2Fwp%2Fv2%2Fmedia&parent=19"}],"curies":[{"name":"wp","href":"https:\/\/api.w.org\/{rel}","templated":true}]}}